{"id":909,"date":"2014-12-10T12:16:34","date_gmt":"2014-12-10T10:16:34","guid":{"rendered":"http:\/\/h140826112324845.hostingparadise.de\/?page_id=909"},"modified":"2017-09-06T13:14:09","modified_gmt":"2017-09-06T12:14:09","slug":"sii-besonderheiten","status":"publish","type":"page","link":"https:\/\/www.fsg-hagen.de\/?page_id=909","title":{"rendered":"SII: Besonderheiten"},"content":{"rendered":"<p><strong>Besonderheiten unserer Oberstufe <\/strong><\/p>\n<ul>\n<li>Klassenbildung von 11 -13 (in vielen F\u00e4chern feste Lerngruppen)<\/li>\n<li>Beratungslehrer, die ihre Sch\u00fclerinnen und Sch\u00fcler von der EF bis<br \/>\nzum Abitur beraten<\/li>\n<li>Tutoren + Tutorinnen, die teamorientiert mit den Beratungslehrern<br \/>\nzusammenarbeiten (Tutoren sind die jeweiligen Klassenlehrer und<br \/>\nKlassenlehrerinnen der Jahrg\u00e4nge 11 \u2013 13)<\/li>\n<li>regelm\u00e4\u00dfige Informationsveranstaltungen und Beratung f\u00fcr die<br \/>\nSchullaufbahnplanung mit dem Beratungsprogramm LUPO<\/li>\n<li>Projektwoche in Jahrgang 11 nach den Sommerferien:<br \/>\nMethodentraining, Arbeiten mit LUPO, Sporttag des Jahrgangs<\/li>\n<li>Jahrgansstufenfahrt in 11 (Skifahrt) oder 13 (Studienfahrten)<\/li>\n<li>St\u00e4rkung des eigenverantwortlichen Lernens mit dem EVL-Konzept:<br \/>\nSch\u00fclerinnen und Sch\u00fcler arbeiten eigenst\u00e4ndig an EVL-Aufgaben, die<br \/>\nsie in der Schulbibliothek, im Computerraum oder im Oberstufen-<br \/>\nAufenthaltsbereich selbstst\u00e4ndig erledigen<\/li>\n<\/ul>\n","protected":false},"excerpt":{"rendered":"<p>Besonderheiten unserer Oberstufe Klassenbildung von 11 -13 (in vielen F\u00e4chern feste Lerngruppen) Beratungslehrer, die ihre Sch\u00fclerinnen und Sch\u00fcler von der<\/p>\n","protected":false},"author":4,"featured_media":0,"parent":102,"menu_order":0,"comment_status":"closed","ping_status":"closed","template":"","meta":{"colormag_page_container_layout":"default_layout","colormag_page_sidebar_layout":"default_layout","footnotes":""},"class_list":["post-909","page","type-page","status-publish","hentry"],"_links":{"self":[{"href":"https:\/\/www.fsg-hagen.de\/index.php?rest_route=\/wp\/v2\/pages\/909","targetHints":{"allow":["GET"]}}],"collection":[{"href":"https:\/\/www.fsg-hagen.de\/index.php?rest_route=\/wp\/v2\/pages"}],"about":[{"href":"https:\/\/www.fsg-hagen.de\/index.php?rest_route=\/wp\/v2\/types\/page"}],"author":[{"embeddable":true,"href":"https:\/\/www.fsg-hagen.de\/index.php?rest_route=\/wp\/v2\/users\/4"}],"replies":[{"embeddable":true,"href":"https:\/\/www.fsg-hagen.de\/index.php?rest_route=%2Fwp%2Fv2%2Fcomments&post=909"}],"version-history":[{"count":1,"href":"https:\/\/www.fsg-hagen.de\/index.php?rest_route=\/wp\/v2\/pages\/909\/revisions"}],"predecessor-version":[{"id":910,"href":"https:\/\/www.fsg-hagen.de\/index.php?rest_route=\/wp\/v2\/pages\/909\/revisions\/910"}],"up":[{"embeddable":true,"href":"https:\/\/www.fsg-hagen.de\/index.php?rest_route=\/wp\/v2\/pages\/102"}],"wp:attachment":[{"href":"https:\/\/www.fsg-hagen.de\/index.php?rest_route=%2Fwp%2Fv2%2Fmedia&parent=909"}],"curies":[{"name":"wp","href":"https:\/\/api.w.org\/{rel}","templated":true}]}}