{"id":8,"date":"2012-11-05T12:22:59","date_gmt":"2012-11-05T10:22:59","guid":{"rendered":"http:\/\/vrsvs.com\/projekte\/fsg\/?page_id=8"},"modified":"2024-08-23T10:49:41","modified_gmt":"2024-08-23T09:49:41","slug":"uben-und-lernen","status":"publish","type":"page","link":"https:\/\/www.fsg-hagen.de\/?page_id=8","title":{"rendered":"Schulb\u00fccherei f\u00fcr den Hagener Norden"},"content":{"rendered":"<p>Vor einigen Jahren\u00a0\u00fcbernahm die Fritz-Steinhoff-Gesamtschule, federf\u00fchrend f\u00fcr die Schulen des Hagener Nordens die ehemalige Stadtb\u00fccherei Helfe.<\/p>\n<p>Inzwischen ist die B\u00fccherei eine der landesweit gr\u00f6\u00dften Schulb\u00fcchereien. Sie steht allen Sch\u00fclerinnen und Sch\u00fclern und Kindergartenkindern des Hagener Nordens kostenlos zur Verf\u00fcgung.<\/p>\n<p><img loading=\"lazy\" decoding=\"async\" class=\"alignnone size-full wp-image-175\" src=\"http:\/\/www.fsg-hagen.de\/wp-content\/uploads\/2012\/11\/0021.jpg\" alt=\"\" width=\"980\" height=\"500\" \/><\/p>\n","protected":false},"excerpt":{"rendered":"<p>Vor einigen Jahren\u00a0\u00fcbernahm die Fritz-Steinhoff-Gesamtschule, federf\u00fchrend f\u00fcr die Schulen des Hagener Nordens die ehemalige Stadtb\u00fccherei Helfe. Inzwischen ist die B\u00fccherei<\/p>\n","protected":false},"author":4,"featured_media":0,"parent":0,"menu_order":0,"comment_status":"closed","ping_status":"closed","template":"","meta":{"colormag_page_container_layout":"default_layout","colormag_page_sidebar_layout":"default_layout","footnotes":""},"class_list":["post-8","page","type-page","status-publish","hentry"],"_links":{"self":[{"href":"https:\/\/www.fsg-hagen.de\/index.php?rest_route=\/wp\/v2\/pages\/8","targetHints":{"allow":["GET"]}}],"collection":[{"href":"https:\/\/www.fsg-hagen.de\/index.php?rest_route=\/wp\/v2\/pages"}],"about":[{"href":"https:\/\/www.fsg-hagen.de\/index.php?rest_route=\/wp\/v2\/types\/page"}],"author":[{"embeddable":true,"href":"https:\/\/www.fsg-hagen.de\/index.php?rest_route=\/wp\/v2\/users\/4"}],"replies":[{"embeddable":true,"href":"https:\/\/www.fsg-hagen.de\/index.php?rest_route=%2Fwp%2Fv2%2Fcomments&post=8"}],"version-history":[{"count":3,"href":"https:\/\/www.fsg-hagen.de\/index.php?rest_route=\/wp\/v2\/pages\/8\/revisions"}],"predecessor-version":[{"id":7177,"href":"https:\/\/www.fsg-hagen.de\/index.php?rest_route=\/wp\/v2\/pages\/8\/revisions\/7177"}],"wp:attachment":[{"href":"https:\/\/www.fsg-hagen.de\/index.php?rest_route=%2Fwp%2Fv2%2Fmedia&parent=8"}],"curies":[{"name":"wp","href":"https:\/\/api.w.org\/{rel}","templated":true}]}}