{"id":7142,"date":"2024-08-23T09:59:16","date_gmt":"2024-08-23T08:59:16","guid":{"rendered":"https:\/\/www.fsg-hagen.de\/?page_id=7142"},"modified":"2026-03-12T14:04:03","modified_gmt":"2026-03-12T13:04:03","slug":"beitrittserklaerung","status":"publish","type":"page","link":"https:\/\/www.fsg-hagen.de\/?page_id=7142","title":{"rendered":"Beitrittserkl\u00e4rung"},"content":{"rendered":"<p>Zum Download der Beitrittserkl\u00e4rung zum F\u00f6rderverein folgen Sie bitte diesem Link:\u00a0<a href=\"https:\/\/www.fsg-hagen.de\/wp-content\/uploads\/2026\/03\/Beitrittserklaerung_2025-06-12.pdf\" target=\"_blank\" rel=\"noopener noreferrer\">Beitrittserkl\u00e4rung<\/a><\/p>\n\n\n<p><\/p>\n","protected":false},"excerpt":{"rendered":"<p>Zum Download der Beitrittserkl\u00e4rung zum F\u00f6rderverein folgen Sie bitte diesem Link:\u00a0Beitrittserkl\u00e4rung<\/p>\n","protected":false},"author":4,"featured_media":0,"parent":0,"menu_order":0,"comment_status":"closed","ping_status":"closed","template":"","meta":{"colormag_page_container_layout":"default_layout","colormag_page_sidebar_layout":"default_layout","footnotes":""},"class_list":["post-7142","page","type-page","status-publish","hentry"],"_links":{"self":[{"href":"https:\/\/www.fsg-hagen.de\/index.php?rest_route=\/wp\/v2\/pages\/7142","targetHints":{"allow":["GET"]}}],"collection":[{"href":"https:\/\/www.fsg-hagen.de\/index.php?rest_route=\/wp\/v2\/pages"}],"about":[{"href":"https:\/\/www.fsg-hagen.de\/index.php?rest_route=\/wp\/v2\/types\/page"}],"author":[{"embeddable":true,"href":"https:\/\/www.fsg-hagen.de\/index.php?rest_route=\/wp\/v2\/users\/4"}],"replies":[{"embeddable":true,"href":"https:\/\/www.fsg-hagen.de\/index.php?rest_route=%2Fwp%2Fv2%2Fcomments&post=7142"}],"version-history":[{"count":3,"href":"https:\/\/www.fsg-hagen.de\/index.php?rest_route=\/wp\/v2\/pages\/7142\/revisions"}],"predecessor-version":[{"id":7940,"href":"https:\/\/www.fsg-hagen.de\/index.php?rest_route=\/wp\/v2\/pages\/7142\/revisions\/7940"}],"wp:attachment":[{"href":"https:\/\/www.fsg-hagen.de\/index.php?rest_route=%2Fwp%2Fv2%2Fmedia&parent=7142"}],"curies":[{"name":"wp","href":"https:\/\/api.w.org\/{rel}","templated":true}]}}