{"id":521,"date":"2014-08-06T18:08:17","date_gmt":"2014-08-06T16:08:17","guid":{"rendered":"http:\/\/daswissenderkunst.de\/projekte\/fsg\/?page_id=521"},"modified":"2024-08-23T10:59:50","modified_gmt":"2024-08-23T09:59:50","slug":"kurzportrait-antworten-auf-elternfragen","status":"publish","type":"page","link":"https:\/\/www.fsg-hagen.de\/?page_id=521","title":{"rendered":"Antworten auf Elternfragen"},"content":{"rendered":"<p><strong>Im folgenden Kurzportr\u00e4t unserer Schule m\u00f6chten wir auf Fragen eingehen, die Eltern von Sch\u00fclerinnen und Sch\u00fclern der Grundschulen uns immer wieder stellen.<\/strong><\/p>\n<p><strong>1. F\u00fcr welche Sch\u00fclerinnen und Sch\u00fcler ist die Fritz-Steinhoff-Gesamtschule die geeignete Schule?<\/strong><\/p>\n<p>F\u00fcr alle! an unserer Schule ist jeder Sch\u00fcler willkommen &#8211; unabh\u00e4ngig von seiner Herkunft, seiner Religion, seinen bisherigen Leistungen in der Grundschule.<\/p>\n<p>F\u00f6rdern und Fordern &#8211; Schw\u00e4chen und Defizite auszugleichen \/ vorhandene St\u00e4rken auszubauen &#8211; Jedem Sch\u00fcler in seinem Leistungsverm\u00f6gen und seinem momentan vorhandenen Entwicklungsstand gerecht werden, das ist unser Anspruch! Wir kennen keine &#8222;Abschulung&#8220;! Sch\u00fcler, die die geforderten Anforderungen in einem Jahrgang nicht erf\u00fcllt haben, m\u00fcssen die Schule nicht verlassen. Durch die Fachleistungsdifferenzierung in Deutsch, Mathematik, Englisch und Chemie reagieren wir auf St\u00e4rken und Defizite unserer Sch\u00fcler.<\/p>\n<p><strong>2. Hat mein Kind eine Chance an der Fritz-Steinhoff-Gesamtschule aufgenommen zu werden?<\/strong><\/p>\n<p>Ihre Kinder kommen von einer Schule &#8211; der Grundschule &#8211; in der alle Kinder &#8211; unabh\u00e4ngig von den Bedingungen, die der einzelne Sch\u00fcler mitbringt &#8211; zusammen lernen. Wir stehen f\u00fcr den denselben Grundsatz: Alle Kinder &#8211; unabh\u00e4ngig von den Bedingungen, die sie mitbringen, sind willkommen!<\/p>\n<p>Wir k\u00f6nnen aber nur maximal 189 Kinder aufnehmen. \u00dcbersteigt die Anmeldezahl die Zahl der zur Verf\u00fcgung stehenden Pl\u00e4tze (was in den letzten Jahren immer der Fall gewesen ist), losen wir unter Ber\u00fccksichtigung der beiden folgenden Kriterien aus, wer aufgenommen wird:<\/p>\n<ul>\n<li>Sch\u00fcler mit unterschiedlichem Leistungsstand in der Grundschule sollen aufgenommen werden.<\/li>\n<li>Der Anteil der Jungen und M\u00e4dchen sollte ann\u00e4hernd gleich sein.<\/li>\n<\/ul>\n<p><strong>3. Welche Abschl\u00fcsse kann mein Kind an der Fritz-Steinhoff-Gesamtschule erreichen?<\/strong><\/p>\n<p>Ihr Kind kann alle Abschl\u00fcsse unseres Schulsystems an unserer Schule erreichen:<\/p>\n<ul>\n<li>den Ersten Schulabschluss nach Klasse 9<\/li>\n<li>den Erweiterten Ersten Schulabschluss nach Klasse 10<\/li>\n<li>den Mittleren Schulabschluss (Fachoberschulreife) nach Klasse 10<br \/>\n(ggf. mit Qualifikationsvermerk, der zum Besuch der gymnasialen Oberstufe an unserer Schule berechtigt)<\/li>\n<li>das Fachabitur<\/li>\n<li>das Abitur<\/li>\n<\/ul>\n<p>An unserer Schule wird das Abitur nach 9 Schuljahren vergeben (statt nach 8 Jahren wie an vielen Gymnasien). Ihr Kind hat also ein Jahr mehr Zeit, das Abitur zu erreichen.<\/p>\n<p>Und anders als an den Schulen des dreigliedrigen Schulsystems (Hauptschule und Realschule) und den geplanten Sekundarschulen, muss ihr Kind die Schule nicht mehr wechseln, sollte es am Ende des 10. Schuljahres die Qualifikation zum Besuch einer gymnasialen Oberstufe erlangen.<\/p>\n<p>Die Abituranforderungen und die Anforderungen in unserer gymnasialen Oberstufe unterscheiden sich zudem nicht von den Anforderungen jedes Gymnasiums.<\/p>\n<p><strong>4. Kann sich mein Kind in einer solch gro\u00dfen Schule wie der Fritz-Steinhoff-Gesamtschule, die von mehr als 1000 Sch\u00fclern besucht wird, \u00fcberhaupt zurechtfinden, vor allem, wenn es von einer kleinen Grundschule kommt?<\/strong><\/p>\n<p>Erfahrungen zeigen, dass alle neuen F\u00fcnftkl\u00e4ssler sich in k\u00fcrzester Zeit in unserer Schule zu Hause f\u00fchlen.<\/p>\n<p>Jede Klasse wird von einem Klassenlehrer-Team betreut, das &#8222;ihre Kinder&#8220; von Klasse 5 bis Klasse 10 durch die Schule begleitet.<\/p>\n<p>Die Klassenlehrer-Teams eines Jahrgangs bilden das Jahrgangsteam, das ein &#8222;Teamzimmer&#8220; in der N\u00e4he seiner \u00a0Klassen hat, so dass immer Ansprechpartner\/innen f\u00fcr die Kinder zur Verf\u00fcgung stehen.<\/p>\n<p><strong>5. Wie erfahre ich, was mein Kind in der Schule macht?<\/strong><\/p>\n<p>Uns ist die Zusammenarbeit mit allen Eltern wichtig.<\/p>\n<p>Wir laden Sie zweimal im Laufe des Schuljahres zu Elternsprechtagen ein. Wir bieten Ihnen &#8211; au\u00dferhalb dieser Termine &#8211; nach Vereinbarung M\u00f6glichkeiten zu pers\u00f6nlichen Gespr\u00e4chen mit dem Klassenlehrer-Team und\/oder den Abteilungsleitungen.<\/p>\n<p>Wir haben in den Jahrg\u00e4ngen 5 und 6 ein Logbuch eingef\u00fchrt, das beidseitig eine w\u00f6chentliche individuelle schriftliche R\u00fcckmeldung \u00fcber ihre Kinder erm\u00f6glicht.<\/p>\n<p><strong>6. Muss mein Kind Hausaufgaben machen?<\/strong><\/p>\n<p>Die FSG ist als Gesamtschule eine Ganztagsschule, so dass es an der FSG gem\u00e4\u00df den gesetzlichen Vorgaben keine schriftlichen Hausaufgaben gibt.<\/p>\n<p>Die Sch\u00fcler bekommen aber in den einzelnen F\u00e4chern Aufgaben, die in den Lernzeiten eigenverantwortlich wie Hausaufgaben in der Schule bearbeitet werden.<\/p>\n<p>Dennoch bleiben auch Aufgaben zu Hause zu erledigen: regelm\u00e4\u00dfig Vokabeln lernen \/ ein Referat vorbereiten \/ Recherchen u.a. im Internet zu einzelnen Themenbereichen durchf\u00fchren \/ Klassenarbeiten vorbereiten usw.<\/p>\n<p>Als Schule erwarten wir von Ihnen als Eltern, dass Sie die schulische Arbeit Ihrer Kinder regelm\u00e4\u00dfig zur Kenntnis nehmen. Dies betrifft sowohl die schriftlichen als auch die anderen Aufgaben.<\/p>\n<p><strong>7. Kann mein Kind in der Schule essen?<\/strong><\/p>\n<p>Es gibt die M\u00f6glichkeit, \u00fcber Einzugserm\u00e4chtigung am Mensaessen teilzunehmen. Dar\u00fcber hinaus kann im Sch\u00fclercafe gegessen werden (Anzahl der Essen begrenzt). M\u00f6glichkeiten zur Verpflegung bestehen auch am Schulkiosk.<code><\/code><\/p>\n","protected":false},"excerpt":{"rendered":"<p>Im folgenden Kurzportr\u00e4t unserer Schule m\u00f6chten wir auf Fragen eingehen, die Eltern von Sch\u00fclerinnen und Sch\u00fclern der Grundschulen uns immer<\/p>\n","protected":false},"author":4,"featured_media":0,"parent":96,"menu_order":1,"comment_status":"closed","ping_status":"closed","template":"","meta":{"colormag_page_container_layout":"default_layout","colormag_page_sidebar_layout":"default_layout","footnotes":""},"class_list":["post-521","page","type-page","status-publish","hentry"],"_links":{"self":[{"href":"https:\/\/www.fsg-hagen.de\/index.php?rest_route=\/wp\/v2\/pages\/521","targetHints":{"allow":["GET"]}}],"collection":[{"href":"https:\/\/www.fsg-hagen.de\/index.php?rest_route=\/wp\/v2\/pages"}],"about":[{"href":"https:\/\/www.fsg-hagen.de\/index.php?rest_route=\/wp\/v2\/types\/page"}],"author":[{"embeddable":true,"href":"https:\/\/www.fsg-hagen.de\/index.php?rest_route=\/wp\/v2\/users\/4"}],"replies":[{"embeddable":true,"href":"https:\/\/www.fsg-hagen.de\/index.php?rest_route=%2Fwp%2Fv2%2Fcomments&post=521"}],"version-history":[{"count":3,"href":"https:\/\/www.fsg-hagen.de\/index.php?rest_route=\/wp\/v2\/pages\/521\/revisions"}],"predecessor-version":[{"id":7183,"href":"https:\/\/www.fsg-hagen.de\/index.php?rest_route=\/wp\/v2\/pages\/521\/revisions\/7183"}],"up":[{"embeddable":true,"href":"https:\/\/www.fsg-hagen.de\/index.php?rest_route=\/wp\/v2\/pages\/96"}],"wp:attachment":[{"href":"https:\/\/www.fsg-hagen.de\/index.php?rest_route=%2Fwp%2Fv2%2Fmedia&parent=521"}],"curies":[{"name":"wp","href":"https:\/\/api.w.org\/{rel}","templated":true}]}}