{"id":456,"date":"2014-08-06T11:38:54","date_gmt":"2014-08-06T09:38:54","guid":{"rendered":"http:\/\/daswissenderkunst.de\/projekte\/fsg\/?page_id=456"},"modified":"2017-09-06T13:18:34","modified_gmt":"2017-09-06T12:18:34","slug":"arbeitsgemeinschaften","status":"publish","type":"page","link":"https:\/\/www.fsg-hagen.de\/?page_id=456","title":{"rendered":"Arbeitsgemeinschaften"},"content":{"rendered":"<p><strong>Arbeitsgemeinschaften an der FSG<\/strong><\/p>\n<p>Als Ganztagsschule bietet die Fritz-Steinhoff-Gesamtschule den Sch\u00fclerInnen und Sch\u00fclern der Jahrg\u00e4nge 7 bis 10 regelm\u00e4\u00dfig mittwochs in der 6. Stunde von 14.30 bis 15.30 Uhr ein breites Band an Arbeitsgemeinschaften an. Dar\u00fcber hinaus gibt es auch Arbeitsgemeinschaften, wie z.B. die Mitarbeit im Schulkiosk, im Sch\u00fclercaf\u00e9, bei den Paten oder bei den Schulsanit\u00e4tern und den Streitschlichtern, die an anderen Schultagen laufen.<\/p>\n<p>Alle Arbeitsgemeinschaften werden jeweils f\u00fcr ein Halbjahr vorab gew\u00e4hlt und die Mitarbeit wird von den KursleiterInnen differenziert auf dem Zeugnis bescheinigt. Durch die Teilnahme an Arbeitsgemeinschaften k\u00f6nnen individuelle Interessen und St\u00e4rken weiter ausgebaut werden. Viele Arbeitsgemeinschaften sind f\u00fcr das gelungene soziale Miteinander an der Schule unerl\u00e4sslich.<\/p>\n<p><img loading=\"lazy\" decoding=\"async\" class=\"wp-image-1919 size-full aligncenter\" src=\"http:\/\/www.fsg-hagen.de\/wp-content\/uploads\/2016\/02\/ag_jonglieren.jpg\" alt=\"ag_jonglieren\" width=\"480\" height=\"572\" srcset=\"https:\/\/www.fsg-hagen.de\/wp-content\/uploads\/2016\/02\/ag_jonglieren.jpg 480w, https:\/\/www.fsg-hagen.de\/wp-content\/uploads\/2016\/02\/ag_jonglieren-252x300.jpg 252w\" sizes=\"auto, (max-width: 480px) 100vw, 480px\" \/><\/p>\n<p><strong>Arbeitsgemeinschaften ABC <\/strong><em>aus dem Laufe der Jahre \u2013 je nach Interessen und Wahlen sind hier jedes Jahr neue Aktivit\u00e4ten m\u00f6glich:<\/em><\/p>\n<p>Abschlussfeierplanung, Badminton, Basketball, B\u00fcchereiaktionen, Computer, English on stage, Fit for fun, Fu\u00dfball f\u00fcr M\u00e4dchen, Gitarrenorchester, HipHop, Hockey, Judo, Kanu, Kiosk, Kultur und Schule, Mofaf\u00fchrerschein, Paten, Russisch, Schach, Sch\u00fclercaf\u00e9, Schulband, Schulgarten, Schulsanit\u00e4tsdienst, Schwimmen, Selbstbehauptungstraining, Spanisch, Streitschlichter, vocal Coaching, Tischtennis, Trampolin, Zumba<\/p>\n","protected":false},"excerpt":{"rendered":"<p>Arbeitsgemeinschaften an der FSG Als Ganztagsschule bietet die Fritz-Steinhoff-Gesamtschule den Sch\u00fclerInnen und Sch\u00fclern der Jahrg\u00e4nge 7 bis 10 regelm\u00e4\u00dfig mittwochs<\/p>\n","protected":false},"author":4,"featured_media":0,"parent":12,"menu_order":0,"comment_status":"closed","ping_status":"closed","template":"","meta":{"colormag_page_container_layout":"default_layout","colormag_page_sidebar_layout":"default_layout","footnotes":""},"class_list":["post-456","page","type-page","status-publish","hentry"],"_links":{"self":[{"href":"https:\/\/www.fsg-hagen.de\/index.php?rest_route=\/wp\/v2\/pages\/456","targetHints":{"allow":["GET"]}}],"collection":[{"href":"https:\/\/www.fsg-hagen.de\/index.php?rest_route=\/wp\/v2\/pages"}],"about":[{"href":"https:\/\/www.fsg-hagen.de\/index.php?rest_route=\/wp\/v2\/types\/page"}],"author":[{"embeddable":true,"href":"https:\/\/www.fsg-hagen.de\/index.php?rest_route=\/wp\/v2\/users\/4"}],"replies":[{"embeddable":true,"href":"https:\/\/www.fsg-hagen.de\/index.php?rest_route=%2Fwp%2Fv2%2Fcomments&post=456"}],"version-history":[{"count":9,"href":"https:\/\/www.fsg-hagen.de\/index.php?rest_route=\/wp\/v2\/pages\/456\/revisions"}],"predecessor-version":[{"id":1954,"href":"https:\/\/www.fsg-hagen.de\/index.php?rest_route=\/wp\/v2\/pages\/456\/revisions\/1954"}],"up":[{"embeddable":true,"href":"https:\/\/www.fsg-hagen.de\/index.php?rest_route=\/wp\/v2\/pages\/12"}],"wp:attachment":[{"href":"https:\/\/www.fsg-hagen.de\/index.php?rest_route=%2Fwp%2Fv2%2Fmedia&parent=456"}],"curies":[{"name":"wp","href":"https:\/\/api.w.org\/{rel}","templated":true}]}}