{"id":420,"date":"2014-04-28T13:13:21","date_gmt":"2014-04-28T11:13:21","guid":{"rendered":"http:\/\/vrsvs.com\/projekte\/fsg\/?page_id=420"},"modified":"2017-09-06T13:17:55","modified_gmt":"2017-09-06T12:17:55","slug":"pausenangebote","status":"publish","type":"page","link":"https:\/\/www.fsg-hagen.de\/?page_id=420","title":{"rendered":"Pausenangebote"},"content":{"rendered":"<h3>Offene Pausenangebote im Geb\u00e4ude:<\/h3>\n<p>Nicht alle Sch\u00fclerinnen und Sch\u00fcler wollen immer jede Pause drau\u00dfen verbringen. Daher werden auch Freizeitangebote innerhalb des Geb\u00e4udes angeboten.<\/p>\n<p>&nbsp;<\/p>\n<ul>\n<li><strong>Spielbude<\/strong>: Die Spielbude befindet sich in einem Raum auf der Etage des 5. und 6. Jahrgangs. In den Pausenzeiten k\u00f6nnen sich die Kinder hier Gesellschaftsspiele: z.B. Uno, Halli-Galli, Abalone u.v.a.m. ausleihen. Damit die Spielbude \u00fcberhaupt funktioniert, arbeiten hier Eltern ehrenamtlich mit. An Tagen, an denen keine Eltern hierf\u00fcr zur Verf\u00fcgung stehen, muss die Spielbude leider geschlossen bleiben.<\/li>\n<\/ul>\n<p>&nbsp;<\/p>\n<ul>\n<li><strong>Schulbibliothek<\/strong>: An allen Wochentagen au\u00dfer freitags ist die Schulbibliothek f\u00fcr alle Sch\u00fclerInnen und Sch\u00fcler ge\u00f6ffnet. Die \u00d6ffnungszeiten finden sich auf der Homepageseite der Schulbibliothek.<\/li>\n<\/ul>\n<p>&nbsp;<\/p>\n<ul>\n<li><strong>Sport-Mittags-Freizeiten:<\/strong> Um die Bewegungsm\u00f6glichkeiten, die die Sporthallen bieten auch in der Mittagspause zu nutzen, bieten wir an den langen Schultagen in den Sporthalllen betreute Angebote von Sportlehrern und Sozialp\u00e4dagogen an.<\/li>\n<\/ul>\n<p>&nbsp;<\/p>\n<ul>\n<li><strong>P\u00e4dagogisches Zentrum:<\/strong> Ein m\u00f6glicher Aufenthaltsort in der Pause ist das gro\u00dfe PZ auf der Eingangsetage. Auf der Fl\u00e4che vor dem Sch\u00fclercaf\u00e9 kann an 3 Tischtennisplatten Tischtennis gespielt werden. Am Westausgang des PZ befindet sich die Spielausleihe, an der Spielger\u00e4te f\u00fcr den Au\u00dfenbereich ausgeliehen werden k\u00f6nnen.<\/li>\n<\/ul>\n","protected":false},"excerpt":{"rendered":"<p>Offene Pausenangebote im Geb\u00e4ude: Nicht alle Sch\u00fclerinnen und Sch\u00fcler wollen immer jede Pause drau\u00dfen verbringen. Daher werden auch Freizeitangebote innerhalb<\/p>\n","protected":false},"author":4,"featured_media":0,"parent":0,"menu_order":0,"comment_status":"closed","ping_status":"closed","template":"","meta":{"colormag_page_container_layout":"default_layout","colormag_page_sidebar_layout":"default_layout","footnotes":""},"class_list":["post-420","page","type-page","status-publish","hentry"],"_links":{"self":[{"href":"https:\/\/www.fsg-hagen.de\/index.php?rest_route=\/wp\/v2\/pages\/420","targetHints":{"allow":["GET"]}}],"collection":[{"href":"https:\/\/www.fsg-hagen.de\/index.php?rest_route=\/wp\/v2\/pages"}],"about":[{"href":"https:\/\/www.fsg-hagen.de\/index.php?rest_route=\/wp\/v2\/types\/page"}],"author":[{"embeddable":true,"href":"https:\/\/www.fsg-hagen.de\/index.php?rest_route=\/wp\/v2\/users\/4"}],"replies":[{"embeddable":true,"href":"https:\/\/www.fsg-hagen.de\/index.php?rest_route=%2Fwp%2Fv2%2Fcomments&post=420"}],"version-history":[{"count":1,"href":"https:\/\/www.fsg-hagen.de\/index.php?rest_route=\/wp\/v2\/pages\/420\/revisions"}],"predecessor-version":[{"id":1945,"href":"https:\/\/www.fsg-hagen.de\/index.php?rest_route=\/wp\/v2\/pages\/420\/revisions\/1945"}],"wp:attachment":[{"href":"https:\/\/www.fsg-hagen.de\/index.php?rest_route=%2Fwp%2Fv2%2Fmedia&parent=420"}],"curies":[{"name":"wp","href":"https:\/\/api.w.org\/{rel}","templated":true}]}}