{"id":3030,"date":"2017-09-05T13:12:47","date_gmt":"2017-09-05T12:12:47","guid":{"rendered":"http:\/\/www.fsg-hagen.de\/?page_id=3030"},"modified":"2026-04-30T14:25:28","modified_gmt":"2026-04-30T12:25:28","slug":"startseite","status":"publish","type":"page","link":"https:\/\/www.fsg-hagen.de\/","title":{"rendered":"Startseite"},"content":{"rendered":"<div id=\"pl-3030\"  class=\"panel-layout\" ><div id=\"pg-3030-0\"  class=\"panel-grid panel-no-style\" ><div id=\"pgc-3030-0-0\"  class=\"panel-grid-cell\" ><div id=\"panel-3030-0-0-0\" class=\"so-panel widget widget_text panel-first-child panel-last-child\" data-index=\"0\" ><h3 class=\"widget-title\">Neues &#8211; Neues &#8211; Neues<\/h3>\t\t\t<div class=\"textwidget\"><\/div>\n\t\t<\/div><\/div><\/div><div id=\"pg-3030-1\"  class=\"panel-grid panel-no-style\" ><div id=\"pgc-3030-1-0\"  class=\"panel-grid-cell\" ><div id=\"panel-3030-1-0-0\" class=\"so-panel widget widget_black-studio-tinymce widget_black_studio_tinymce panel-first-child panel-last-child\" data-index=\"1\" ><div class=\"textwidget\"><p><strong>Montag, 30.03.2026<br \/>\n<\/strong>Beginn der Osterferien<\/p>\n<p><strong>Montag, 13.04.2026 - 08:00 Uhr<br \/>\n<\/strong>Wiederbeginn des Unterrichts<\/p>\n<\/div><\/div><\/div><div id=\"pgc-3030-1-1\"  class=\"panel-grid-cell\" ><div id=\"panel-3030-1-1-0\" class=\"so-panel widget widget_black-studio-tinymce widget_black_studio_tinymce panel-first-child panel-last-child\" data-index=\"2\" ><div class=\"textwidget\"><p><strong>Freitag, 01.05.2026<br \/>\n<\/strong>Tag der Arbeit (Feiertag)<\/p>\n<p><strong>Dienstag, 12.05.2026<br \/>\n<\/strong>Sportaktionstag Jgg. 7 und 8<\/p>\n<\/div><\/div><\/div><\/div><div id=\"pg-3030-2\"  class=\"panel-grid panel-no-style\" ><div id=\"pgc-3030-2-0\"  class=\"panel-grid-cell\" ><div id=\"panel-3030-2-0-0\" class=\"so-panel widget widget_black-studio-tinymce widget_black_studio_tinymce panel-first-child panel-last-child\" data-index=\"3\" ><h3 class=\"widget-title\">Lebendige Schule \u2013 erfolgreich lernen \u2013 FSG<\/h3><div class=\"textwidget\"><article class=\"hp-highlight \">Die Fritz-Steinhoff-Gesamtschule l\u00e4sst sich in ihrer Arbeit von folgenden Grunds\u00e4tzen leiten:<\/p>\n<p>\u27a2 Jedes Kind ist willkommen. Wir sind als Schule f\u00fcr alle bei uns angenommenen Sch\u00fclerinnen und Sch\u00fcler verantwortlich.<br \/>\n\u27a2 Jedes Kind hat das Recht auf F\u00f6rderung! Wir blicken auf die Entwicklungschance eines Kindes, nicht auf seine Defizite.<br \/>\n\u27a2 Wir betrachten Heterogenit\u00e4t als Chance f\u00fcr alle Sch\u00fclerinnen und Sch\u00fcler.<\/p>\n<p>Vor dem Hintergrund dieser Grunds\u00e4tze<br \/>\n\u27a2 fordern und f\u00f6rdern wir Sch\u00fclerinnen und Sch\u00fcler unter Ber\u00fccksichtigung der Voraussetzungen und Bedingungen, die sie mitbringen,<br \/>\n\u27a2 schaffen wir Lernangebote, die unseren Sch\u00fclerinnen und Sch\u00fclern erm\u00f6glichen, einen m\u00f6glichst guten Abschluss zu erreichen,<br \/>\n\u27a2 bieten oder vermitteln wir vielf\u00e4ltige Beratungsangebote, die Sch\u00fclerinnen und Sch\u00fclern, aber auch Eltern helfen, pers\u00f6nliche Krisensituationen zu bew\u00e4ltigen.<\/p>\n<\/article>\n<\/div><\/div><\/div><\/div><div id=\"pg-3030-3\"  class=\"panel-grid panel-no-style\" ><div id=\"pgc-3030-3-0\"  class=\"panel-grid-cell\" ><div id=\"panel-3030-3-0-0\" class=\"so-panel widget widget_black-studio-tinymce widget_black_studio_tinymce panel-first-child panel-last-child\" data-index=\"4\" ><h3 class=\"widget-title\">Ganztag<\/h3><div class=\"textwidget\"><article class=\"hp-highlight \">\n<p>Die FSG verf\u00fcgt \u00fcber ein umfangreiches Ganztagsangebot. Besonders f\u00fcr diese Schule ist das hohe ehrenamtliche Engagement von Eltern und Gro\u00dfeltern in den Bereichen der s.g. Zertifikatskurse, der Arbeitsgemeinschaften oder im Sch\u00fclercaf\u00e9 und der Spielebude.<\/p>\n<\/article>\n<\/div><\/div><\/div><div id=\"pgc-3030-3-1\"  class=\"panel-grid-cell\" ><div id=\"panel-3030-3-1-0\" class=\"so-panel widget widget_black-studio-tinymce widget_black_studio_tinymce panel-first-child panel-last-child\" data-index=\"5\" ><h3 class=\"widget-title\">Geb\u00e4ude und R\u00e4ume<\/h3><div class=\"textwidget\"><article class=\"hp-highlight remove-margin\">\n<p>In dem Schulgeb\u00e4ude wird seit 1975 unterrichtet. Nach knapp 40 Jahren erstrahlt das Geb\u00e4ude nicht nur in neuen Farben, auch das Energiekonzept der Schule ist erheblich verbessert worden.<\/p>\n<\/article>\n<\/div><\/div><\/div><\/div><\/div>","protected":false},"excerpt":{"rendered":"<p>Montag, 30.03.2026 Beginn der Osterferien Montag, 13.04.2026 &#8211; 08:00 Uhr Wiederbeginn des Unterrichts Freitag, 01.05.2026 Tag der Arbeit (Feiertag) Dienstag,<\/p>\n","protected":false},"author":4,"featured_media":0,"parent":0,"menu_order":0,"comment_status":"closed","ping_status":"closed","template":"","meta":{"colormag_page_container_layout":"default_layout","colormag_page_sidebar_layout":"default_layout","footnotes":""},"class_list":["post-3030","page","type-page","status-publish","hentry"],"_links":{"self":[{"href":"https:\/\/www.fsg-hagen.de\/index.php?rest_route=\/wp\/v2\/pages\/3030","targetHints":{"allow":["GET"]}}],"collection":[{"href":"https:\/\/www.fsg-hagen.de\/index.php?rest_route=\/wp\/v2\/pages"}],"about":[{"href":"https:\/\/www.fsg-hagen.de\/index.php?rest_route=\/wp\/v2\/types\/page"}],"author":[{"embeddable":true,"href":"https:\/\/www.fsg-hagen.de\/index.php?rest_route=\/wp\/v2\/users\/4"}],"replies":[{"embeddable":true,"href":"https:\/\/www.fsg-hagen.de\/index.php?rest_route=%2Fwp%2Fv2%2Fcomments&post=3030"}],"version-history":[{"count":384,"href":"https:\/\/www.fsg-hagen.de\/index.php?rest_route=\/wp\/v2\/pages\/3030\/revisions"}],"predecessor-version":[{"id":7998,"href":"https:\/\/www.fsg-hagen.de\/index.php?rest_route=\/wp\/v2\/pages\/3030\/revisions\/7998"}],"wp:attachment":[{"href":"https:\/\/www.fsg-hagen.de\/index.php?rest_route=%2Fwp%2Fv2%2Fmedia&parent=3030"}],"curies":[{"name":"wp","href":"https:\/\/api.w.org\/{rel}","templated":true}]}}