{"id":2922,"date":"2017-06-08T12:58:04","date_gmt":"2017-06-08T11:58:04","guid":{"rendered":"http:\/\/www.fsg-hagen.de\/?page_id=2922"},"modified":"2017-06-08T13:20:29","modified_gmt":"2017-06-08T12:20:29","slug":"jahrgang-11-ef","status":"publish","type":"page","link":"https:\/\/www.fsg-hagen.de\/?page_id=2922","title":{"rendered":"Jahrgang 11 &#8211; EF"},"content":{"rendered":"<p><strong>Vorstellung des BOZ<\/strong><\/p>\n<p>Das Berufsorientierungszentrum stellt sich denjenigen Sch\u00fclerinnen und Sch\u00fclern vor, die zur EF neu an unsere Schule kommen und mit der Arbeit des BOZ noch vertraut gemacht werden m\u00fcssen.<\/p>\n<p>&nbsp;<\/p>\n<p><strong>Die Vorhabenwoche<\/strong><\/p>\n<p>Im Rahmen der Vorhabenwoche wird den Sch\u00fclerinnen und Sch\u00fclern eine Einf\u00fchrung in das wissenschaftliche Arbeiten und das eigenverantwortliche Lernen in der Oberstufe (Sek II) angeboten. Die Vorhabenwoche steht damit unter dem Aspekt der Studienorientierung, da hier entsprechende Grundlagen f\u00fcr das universit\u00e4re Arbeiten angelegt werden.<\/p>\n<p>&nbsp;<\/p>\n<p><strong>Mittwochs im BOZ<\/strong><\/p>\n<p>Anders als in der Sek I, wo die Sch\u00fclerinnen und Sch\u00fcler klassenweise an der Veranstaltung teilnehmen, melden sich in der EF interessierte Sch\u00fclerinnen und Sch\u00fcler \u00fcber das BOZ an und haben dann die M\u00f6glichkeit der direkten Kontaktaufnahme mit Vertreterinnen und Vertretern des jeweiligen Betriebes.<\/p>\n<p>&nbsp;<\/p>\n<p><strong>Bewerbungshilfe und Berufsberatung durch das schuleigene BOZ<\/strong><\/p>\n<p>Auch in der EF werden die Angebote der Berufsorientierung erg\u00e4nzt durch die Angebote des schuleigenen Berufsorientierungszentrums (BOZ). Hier werden die Sch\u00fclerinnen und Sch\u00fcler bei der Internet-Recherche (in der EF im 1. Halbjahr: Suche nach einem Ausbildungsplatz f\u00fcr diejenigen, die f\u00fcr sich entschieden haben, dass sie den Bildungsgang der Oberstufe nicht fortsetzen m\u00f6chten oder die die EF auch im 2. Durchlauf prognostisch nicht erfolgreich abschlie\u00dfen werden) und der Erstellung der f\u00fcr die Bewerbung um einen Ausbildungsplatz notwendigen Bewerbungsunterlagen unterst\u00fctzt. Hilfe wird auch f\u00fcr die Anmeldung an den Berufskollegs angeboten.<\/p>\n<p>&nbsp;<\/p>\n<p><strong>Berufsberatung durch die Agentur f\u00fcr Arbeit<\/strong><\/p>\n<p>Die f\u00fcr die Oberstufe (Sek II) zust\u00e4ndige Berufsberaterin bietet in der EF ebenfalls die individualisierte Einzelfallberatung f\u00fcr die unter dem Punkt <strong><em>Bewerbungshilfe und Berufsberatung durch das schuleigene BOZ<\/em><\/strong> genannten Sch\u00fclerinnen und Sch\u00fcler. In diesem Rahmen unterbreitet sie konkrete Angebote f\u00fcr Ausbildungsm\u00f6glichkeiten und initiiert Bewerbungsprozesse. Dar\u00fcber hinaus unterst\u00fctzt sie die Schullaufbahnberatung im Hinblick auf den \u00dcbergang an ein Berufskolleg.<\/p>\n<p>Dar\u00fcber hinaus ber\u00e4t sie aber auch bereits die Sch\u00fclerinnen und Sch\u00fcler mit guten fachlichen Leistungen und mit konkreten Vorstellungen in Richtung eines Studiums an einer Universit\u00e4t oder Fachhochschule \u00fcber universit\u00e4re Erg\u00e4nzungsangebote.<\/p>\n","protected":false},"excerpt":{"rendered":"<p>Vorstellung des BOZ Das Berufsorientierungszentrum stellt sich denjenigen Sch\u00fclerinnen und Sch\u00fclern vor, die zur EF neu an unsere Schule kommen<\/p>\n","protected":false},"author":4,"featured_media":0,"parent":104,"menu_order":0,"comment_status":"closed","ping_status":"closed","template":"","meta":{"colormag_page_container_layout":"default_layout","colormag_page_sidebar_layout":"default_layout","footnotes":""},"class_list":["post-2922","page","type-page","status-publish","hentry"],"_links":{"self":[{"href":"https:\/\/www.fsg-hagen.de\/index.php?rest_route=\/wp\/v2\/pages\/2922","targetHints":{"allow":["GET"]}}],"collection":[{"href":"https:\/\/www.fsg-hagen.de\/index.php?rest_route=\/wp\/v2\/pages"}],"about":[{"href":"https:\/\/www.fsg-hagen.de\/index.php?rest_route=\/wp\/v2\/types\/page"}],"author":[{"embeddable":true,"href":"https:\/\/www.fsg-hagen.de\/index.php?rest_route=\/wp\/v2\/users\/4"}],"replies":[{"embeddable":true,"href":"https:\/\/www.fsg-hagen.de\/index.php?rest_route=%2Fwp%2Fv2%2Fcomments&post=2922"}],"version-history":[{"count":3,"href":"https:\/\/www.fsg-hagen.de\/index.php?rest_route=\/wp\/v2\/pages\/2922\/revisions"}],"predecessor-version":[{"id":2942,"href":"https:\/\/www.fsg-hagen.de\/index.php?rest_route=\/wp\/v2\/pages\/2922\/revisions\/2942"}],"up":[{"embeddable":true,"href":"https:\/\/www.fsg-hagen.de\/index.php?rest_route=\/wp\/v2\/pages\/104"}],"wp:attachment":[{"href":"https:\/\/www.fsg-hagen.de\/index.php?rest_route=%2Fwp%2Fv2%2Fmedia&parent=2922"}],"curies":[{"name":"wp","href":"https:\/\/api.w.org\/{rel}","templated":true}]}}