{"id":2058,"date":"2016-05-25T09:53:31","date_gmt":"2016-05-25T08:53:31","guid":{"rendered":"http:\/\/www.fsg-hagen.de\/?page_id=2058"},"modified":"2024-08-23T11:25:12","modified_gmt":"2024-08-23T10:25:12","slug":"jahrgangsstufe-7","status":"publish","type":"page","link":"https:\/\/www.fsg-hagen.de\/?page_id=2058","title":{"rendered":"Jahrgangsstufe 7"},"content":{"rendered":"<p>Die Klassenlehrertandems und Jahrgangsteams werden nach M\u00f6glichkeit unver\u00e4ndert beibehalten. Ihnen kommt neben der fachlichen Arbeit eine gro\u00dfe Bedeutung bei der Schullaufbahnberatung und Sozialerziehung der Sch\u00fcler zu.<\/p>\n<p><strong>Schullaufbahn Jahrgangsstufe 7<\/strong><\/p>\n<p><u>F\u00e4cherkanon:<\/u><\/p>\n<ul>\n<li>Seit Anfang Jahrgangsstufe 6 Unterricht im Profilfach als 4. Hauptfach.<\/li>\n<li>Die F\u00e4cher Geschichte, Erdkunde und Politik werden integriert im Fach GL (Gesellschaftslehre) unterrichtet.<\/li>\n<li>Die F\u00e4cher Biologie, Chemie und Physik werden in Jahrgangsstufe 7 letztmalig integriert im Fach NW (Naturwissenschaft) unterrichtet.<\/li>\n<li>Das Fach Arbeitslehre ist mit 2 Wochenstunden Technik vertreten.<\/li>\n<li>In den F\u00e4chern Deutsch und Mathematik gibt es eine zus\u00e4tzliche Wochenstunde mit den Schwerpunkten Sprachf\u00f6rderung und \u00dcben.<\/li>\n<\/ul>\n<p><u>Differenzierung:<\/u><\/p>\n<ul>\n<li>Am Ende der Jahrgangsstufe 7 Zuweisung f\u00fcr die Fachleistungsdifferenzierung in den F\u00e4chern Englisch und Mathematik.<\/li>\n<li>Intensiver Austausch in den P\u00e4dagogischen Konferenzen im Hinblick auf m\u00f6gliche Abschl\u00fcsse.<\/li>\n<\/ul>\n<ul>\n<li>An Stelle der Zertifikatskurse treten Arbeitsgemeinschaften (Mittwoch nachmittag);<br \/>\nDie Teilnahme ist freiwillig, aber nach Wahl verbindlich f\u00fcr jeweils ein Schulhalbjahr.<\/li>\n<\/ul>\n<p><u>Jahrgangsprojekte und -vorhaben:<\/u><\/p>\n<ul>\n<li>Alkoholpr\u00e4vention: Umgang mit Suchtmitteln; Tagesprojekt unter Leitung des Pr\u00e4ventionsteams der Schule (Lehrer und Peers)<\/li>\n<li>Wasserprojekt: 3-t\u00e4giges Projekt unter biologischen, chemischen, \u00f6kologischen und soziologischen Gesichtspunkten unter Leitung der Klassenlehrer\/Fachlehrer NW<\/li>\n<\/ul>\n","protected":false},"excerpt":{"rendered":"<p>Die Klassenlehrertandems und Jahrgangsteams werden nach M\u00f6glichkeit unver\u00e4ndert beibehalten. Ihnen kommt neben der fachlichen Arbeit eine gro\u00dfe Bedeutung bei der<\/p>\n","protected":false},"author":4,"featured_media":0,"parent":100,"menu_order":0,"comment_status":"closed","ping_status":"closed","template":"","meta":{"colormag_page_container_layout":"default_layout","colormag_page_sidebar_layout":"default_layout","footnotes":""},"class_list":["post-2058","page","type-page","status-publish","hentry"],"_links":{"self":[{"href":"https:\/\/www.fsg-hagen.de\/index.php?rest_route=\/wp\/v2\/pages\/2058","targetHints":{"allow":["GET"]}}],"collection":[{"href":"https:\/\/www.fsg-hagen.de\/index.php?rest_route=\/wp\/v2\/pages"}],"about":[{"href":"https:\/\/www.fsg-hagen.de\/index.php?rest_route=\/wp\/v2\/types\/page"}],"author":[{"embeddable":true,"href":"https:\/\/www.fsg-hagen.de\/index.php?rest_route=\/wp\/v2\/users\/4"}],"replies":[{"embeddable":true,"href":"https:\/\/www.fsg-hagen.de\/index.php?rest_route=%2Fwp%2Fv2%2Fcomments&post=2058"}],"version-history":[{"count":7,"href":"https:\/\/www.fsg-hagen.de\/index.php?rest_route=\/wp\/v2\/pages\/2058\/revisions"}],"predecessor-version":[{"id":6758,"href":"https:\/\/www.fsg-hagen.de\/index.php?rest_route=\/wp\/v2\/pages\/2058\/revisions\/6758"}],"up":[{"embeddable":true,"href":"https:\/\/www.fsg-hagen.de\/index.php?rest_route=\/wp\/v2\/pages\/100"}],"wp:attachment":[{"href":"https:\/\/www.fsg-hagen.de\/index.php?rest_route=%2Fwp%2Fv2%2Fmedia&parent=2058"}],"curies":[{"name":"wp","href":"https:\/\/api.w.org\/{rel}","templated":true}]}}