{"id":1647,"date":"2015-11-22T20:03:14","date_gmt":"2015-11-22T19:03:14","guid":{"rendered":"http:\/\/www.fsg-hagen.de\/?page_id=1647"},"modified":"2015-11-24T13:20:06","modified_gmt":"2015-11-24T12:20:06","slug":"darstellen-und-gestalten","status":"publish","type":"page","link":"https:\/\/www.fsg-hagen.de\/?page_id=1647","title":{"rendered":"Darstellen und Gestalten"},"content":{"rendered":"<p>Darstellen und Gestalten ist im musisch-kreativen Bereich angesiedelt und stellt eine Erg\u00e4nzung zu den Lerninhalten der etablierten F\u00e4cher dar. Das Fachangebot umfasst musik-, bild-, k\u00f6rper- und sprachbezogene Ausdrucksformen. Hierbei sind die Kernf\u00e4cher Kunst, Musik, Deutsch und Sport Basis des neuen Lernangebotes.<\/p>\n<p>Das Fach wird in der Regel in aufeinanderfolgenden Projekteinheiten ab der Jahrgangsstufe 6 bis zur Stufe 10 aufbauend angeboten und hat den Status eines Hauptfaches mit entsprechenden Tests und Klassenarbeiten.<\/p>\n<p>Ein Anspruch an das Fach ist, dass die Erarbeitungswege \u00fcber praktisch-kreative Darstellungs- und Gestaltungsaufgaben laufen. So erm\u00f6glicht das Lernangebot Spontaneit\u00e4t und eigene Gestaltungswege, die \u00fcber die Reproduktion von vorgegebenem Wissen hinausgehen. Die Auswahl der Themen und Gegenst\u00e4nde des Faches sind in besonderer Weise sch\u00fclerorientiert und adressatenbezogen.<\/p>\n<p>Durch die m\u00f6glichst \u00f6ffentliche Pr\u00e4sentation der Ergebnisse m\u00fcssen sich die SuS der Reaktion und Kritik der Zuschauenden stellen. Dazu geh\u00f6ren Mut, und Verantwortung f\u00fcr das eigene Tun. Dies f\u00fchrt zur Steigerung der Selbstsicherheit und nimmt den Sch\u00fclerinnen und Sch\u00fclern die Angst vor ungew\u00f6hnlichen und unbekannten Lebenssituationen.<\/p>\n<p>Das Motto \u201eWer viel Theater spielt, wird auch besser in Mathematik\u201c wurde in der ersten Pisa-Studie eindrucksvoll best\u00e4tigt: \u201eDer getestete Sch\u00fclerjahrgang liegt mit seinen Leistungen anderthalb Jahre vor der vergleichbaren Gruppe.\u201c<\/p>\n<p>Gro\u00dfe Konzerne wie IBM und Google legen bei der Personalauswahl gro\u00dfen Wert auf kreative Mitarbeiter. Google richtet z.B. Arbeitsr\u00e4ume so ein, dass Kreativit\u00e4t gef\u00f6rdert wird. Neue Studien belegen den gro\u00dfen Stellenwert von kommunikativen und kreativen F\u00e4higkeiten. Im Jahr 2010 ver\u00f6ffentlichte der IT-Konzern IBM eine erstaunliche Umfrage. Mehr als 1500 Manager aus 60 L\u00e4ndern und 33 Branchen gaben Auskunft dar\u00fcber, welche F\u00fchrungsqualit\u00e4t sie k\u00fcnftig f\u00fcr die wichtigste hielten. Auf Platz eins landete mit weitem Abstand: Kreativit\u00e4t. (Quelle: Wirtschaftswoche vom 26.06.2012)<\/p>\n<p>Mit Einf\u00fchrung des Faches Darstellen und Gestalten findet also neben der Pers\u00f6nlichkeitsentwicklung auch eine sinnvolle Vorbereitung auf das sp\u00e4tere Berufsleben statt.<\/p>\n","protected":false},"excerpt":{"rendered":"<p>Darstellen und Gestalten ist im musisch-kreativen Bereich angesiedelt und stellt eine Erg\u00e4nzung zu den Lerninhalten der etablierten F\u00e4cher dar. Das<\/p>\n","protected":false},"author":4,"featured_media":0,"parent":1621,"menu_order":0,"comment_status":"closed","ping_status":"closed","template":"","meta":{"colormag_page_container_layout":"default_layout","colormag_page_sidebar_layout":"default_layout","footnotes":""},"class_list":["post-1647","page","type-page","status-publish","hentry"],"_links":{"self":[{"href":"https:\/\/www.fsg-hagen.de\/index.php?rest_route=\/wp\/v2\/pages\/1647","targetHints":{"allow":["GET"]}}],"collection":[{"href":"https:\/\/www.fsg-hagen.de\/index.php?rest_route=\/wp\/v2\/pages"}],"about":[{"href":"https:\/\/www.fsg-hagen.de\/index.php?rest_route=\/wp\/v2\/types\/page"}],"author":[{"embeddable":true,"href":"https:\/\/www.fsg-hagen.de\/index.php?rest_route=\/wp\/v2\/users\/4"}],"replies":[{"embeddable":true,"href":"https:\/\/www.fsg-hagen.de\/index.php?rest_route=%2Fwp%2Fv2%2Fcomments&post=1647"}],"version-history":[{"count":4,"href":"https:\/\/www.fsg-hagen.de\/index.php?rest_route=\/wp\/v2\/pages\/1647\/revisions"}],"predecessor-version":[{"id":1680,"href":"https:\/\/www.fsg-hagen.de\/index.php?rest_route=\/wp\/v2\/pages\/1647\/revisions\/1680"}],"up":[{"embeddable":true,"href":"https:\/\/www.fsg-hagen.de\/index.php?rest_route=\/wp\/v2\/pages\/1621"}],"wp:attachment":[{"href":"https:\/\/www.fsg-hagen.de\/index.php?rest_route=%2Fwp%2Fv2%2Fmedia&parent=1647"}],"curies":[{"name":"wp","href":"https:\/\/api.w.org\/{rel}","templated":true}]}}