{"id":1621,"date":"2015-11-22T17:19:16","date_gmt":"2015-11-22T16:19:16","guid":{"rendered":"http:\/\/www.fsg-hagen.de\/?page_id=1621"},"modified":"2015-11-24T13:01:35","modified_gmt":"2015-11-24T12:01:35","slug":"profilfaecher","status":"publish","type":"page","link":"https:\/\/www.fsg-hagen.de\/?page_id=1621","title":{"rendered":"Profilf\u00e4cher"},"content":{"rendered":"<p>Im zweiten Halbjahr des 5. Schuljahres f\u00e4llt schon eine wichtige Entscheidung f\u00fcr die weitere Schullaufbahn Ihres Kindes: Sie entscheiden sich als Eltern zusammen mit Ihrem Kind f\u00fcr die Wahl eines Profilfaches.<\/p>\n<p>Wichtige Fragen, die sich Sch\u00fclerinnen und Sch\u00fcler stellen sollten, bevor sie sich f\u00fcr ein Profilfach entscheiden:<\/p>\n<p><strong>Neigung<\/strong><\/p>\n<ul>\n<li>Was macht mich neugierig auf dieses Fach?<\/li>\n<li>Habe ich schon etwas \u00fcber das Fach in Erfahrung gebracht,<br \/>\nsei es durch B\u00fccher, Fernsehsendungen oder Freunde?<\/li>\n<li>Habe ich wirklich Interesse an dem Fach?<\/li>\n<\/ul>\n<p><strong>Leistungsverm\u00f6gen<\/strong><\/p>\n<ul>\n<li>Kann ich in dem gew\u00e4hlten Fach gute Noten erwarten?<br \/>\nDie Note im Profilfach ist f\u00fcr meinen Abschluss sehr wichtig.<\/li>\n<li>Habe ich in einem vergleichbaren Fach bereits gute Noten erzielt?<\/li>\n<li>Habe ich wirklich das f\u00fcr mich geeignete Fach gew\u00e4hlt, denn das<br \/>\nneue Fach ist ab jetzt bis zum Ende der 10. Klasse mein viertes Hauptfach?<\/li>\n<\/ul>\n<p>&nbsp;<\/p>\n<p><strong>Profilschwerpunkte<\/strong><\/p>\n<p>Im Profilbereich werden folgende Profile angeboten:<\/p>\n<ul>\n<li><strong>Profil &#8222;Arbeitslehre&#8220; (Hauswirtschaft \/ Technik \/ Wirtschaftslehre)<\/strong><\/li>\n<li><strong>Profil &#8222;Darstellen und Gestalten&#8220; (Deutsch \/ Kunst \/ Musik \/ Sport)<\/strong><\/li>\n<li><strong>Profil &#8222;MINT&#8220; (Mathematik \/ Informatik \/ Naturwissenschaften \/ Technik)<\/strong><\/li>\n<li><strong>Profil &#8222;Sprachen&#8220;(Franz\u00f6sisch oder Italienisch)<\/strong><\/li>\n<\/ul>\n<p>Jeder Profilschwerpunkt bietet den Sch\u00fclerInnen neben den Unterrichtsstunden im Laufe der Schuljahre zus\u00e4tzlich vertiefende Angebote, z.B. im Bereich der Arbeitsgemeinschaften, durch den Besuch au\u00dferschulischer Lernorte, durch die Teilnahme an Wettbewerben usw.<\/p>\n<p>Neigung, Interesse und Leistungsverm\u00f6gen Ihres Kindes sollten bei der Wahl im Vordergrund stehen.<br \/>\nFalls Sie und Ihr Kind bei der Wahl unentschlossen sind, ist beim Elternsprechtag f\u00fcr Sie Gelegenheit, den Rat der KlassenlehrerInnen und FachlehrerInnen einzuholen.<\/p>\n<p>Bez\u00fcglich der Schullaufbahn f\u00e4llt mit der Wahl des Faches keine Vorentscheidung. Alle F\u00e4cher sind f\u00fcr die Schulabschl\u00fcsse gleichwertig. Die Benotung in dem jeweiligen Fach hat aber ein erhebliches Gewicht bei der Vergabe des Schulabschlusses am Ende des 10. Jahrgangs. Das Profilfach hat bezogen auf die Fachoberschulreife den Stellenwert eines Hauptfachs.<\/p>\n<p>Wer im Profilbereich keine Fremdsprache w\u00e4hlen m\u00f6chte, kann dies im Laufe der weiteren Schullaufbahn nachholen.<\/p>\n<p>Weitere Informationen zu den Profilbereichen finden Sie im Unterpunkt zu diesem Men\u00fcpunkt.<\/p>\n<p>&nbsp;<\/p>\n<p>&nbsp;<\/p>\n","protected":false},"excerpt":{"rendered":"<p>Im zweiten Halbjahr des 5. Schuljahres f\u00e4llt schon eine wichtige Entscheidung f\u00fcr die weitere Schullaufbahn Ihres Kindes: Sie entscheiden sich<\/p>\n","protected":false},"author":4,"featured_media":0,"parent":14,"menu_order":0,"comment_status":"closed","ping_status":"closed","template":"","meta":{"colormag_page_container_layout":"default_layout","colormag_page_sidebar_layout":"default_layout","footnotes":""},"class_list":["post-1621","page","type-page","status-publish","hentry"],"_links":{"self":[{"href":"https:\/\/www.fsg-hagen.de\/index.php?rest_route=\/wp\/v2\/pages\/1621","targetHints":{"allow":["GET"]}}],"collection":[{"href":"https:\/\/www.fsg-hagen.de\/index.php?rest_route=\/wp\/v2\/pages"}],"about":[{"href":"https:\/\/www.fsg-hagen.de\/index.php?rest_route=\/wp\/v2\/types\/page"}],"author":[{"embeddable":true,"href":"https:\/\/www.fsg-hagen.de\/index.php?rest_route=\/wp\/v2\/users\/4"}],"replies":[{"embeddable":true,"href":"https:\/\/www.fsg-hagen.de\/index.php?rest_route=%2Fwp%2Fv2%2Fcomments&post=1621"}],"version-history":[{"count":18,"href":"https:\/\/www.fsg-hagen.de\/index.php?rest_route=\/wp\/v2\/pages\/1621\/revisions"}],"predecessor-version":[{"id":1667,"href":"https:\/\/www.fsg-hagen.de\/index.php?rest_route=\/wp\/v2\/pages\/1621\/revisions\/1667"}],"up":[{"embeddable":true,"href":"https:\/\/www.fsg-hagen.de\/index.php?rest_route=\/wp\/v2\/pages\/14"}],"wp:attachment":[{"href":"https:\/\/www.fsg-hagen.de\/index.php?rest_route=%2Fwp%2Fv2%2Fmedia&parent=1621"}],"curies":[{"name":"wp","href":"https:\/\/api.w.org\/{rel}","templated":true}]}}